{"id":4474,"date":"2017-06-09T12:25:39","date_gmt":"2017-06-09T10:25:39","guid":{"rendered":"http:\/\/spaincharmingholidays.com\/?page_id=4474"},"modified":"2017-06-15T10:43:38","modified_gmt":"2017-06-15T08:43:38","slug":"politica-de-cookies","status":"publish","type":"page","link":"https:\/\/spaincharmingholidays.com\/ru\/politica-de-cookies\/","title":{"rendered":"Pol\u00edtica de cookies"},"content":{"rendered":"<p>Pol\u00edtica e informaci\u00f3n sobre las cookies<br \/>\nUna cookie es un peque\u00f1o fichero de texto que se almacena en su navegador cuando visita casi cualquier p\u00e1gina web. Su utilidad es que la web sea capaz de recordar su visita cuando vuelva a navegar por esa p\u00e1gina. Las cookies suelen almacenar informaci\u00f3n de car\u00e1cter t\u00e9cnico, preferencias personales, personalizaci\u00f3n de contenidos, estad\u00edsticas de uso, enlaces a redes sociales, acceso a cuentas de usuario, etc. El objetivo de la cookie es adaptar el contenido de la web a su perfil y necesidades, sin cookies los servicios ofrecidos por cualquier p\u00e1gina se ver\u00edan mermados notablemente.<br \/>\nCookies utilizadas en este sitio web<br \/>\nSiguiendo las directrices de la Agencia Espa\u00f1ola de Protecci\u00f3n de Datos procedemos a detallar el uso de cookies que hace esta web con el fin de informarle con la m\u00e1xima exactitud posible.<br \/>\nGoogle Analytics: Almacena cookies para poder elaborar estad\u00edsticas sobre el tr\u00e1fico y volumen de visitas de esta web. Al utilizar este sitio web est\u00e1 consintiendo el tratamiento de informaci\u00f3n acerca de usted por Google. Por tanto, el ejercicio de cualquier derecho en este sentido deber\u00e1 hacerlo comunicando directamente con Google.<br \/>\nRedes sociales: Cada red social utiliza sus propias cookies para que usted pueda pinchar en botones del tipo Me gusta o Compartir.<br \/>\nDesactivaci\u00f3n o eliminaci\u00f3n de cookies<br \/>\nEn cualquier momento podr\u00e1 ejercer su derecho de desactivaci\u00f3n o eliminaci\u00f3n de cookies de este sitio web. Estas acciones se realizan de forma diferente en funci\u00f3n del navegador que est\u00e9 usando. Aqu\u00ed le dejamos una gu\u00eda r\u00e1pida para los navegadores m\u00e1s populares.<br \/>\nInternet Explorer: Herramientas -> Opciones de Internet -> Privacidad -> Configuraci\u00f3n. Para m\u00e1s informaci\u00f3n, puede consultar el soporte de Microsoft o la Ayuda del navegador.<br \/>\nFirefox: Herramientas -> Opciones -> Privacidad -> Historial -> Configuraci\u00f3n Personalizada. Para m\u00e1s informaci\u00f3n, puede consultar el soporte de Mozilla o la Ayuda del navegador.<br \/>\nChrome: Configuraci\u00f3n -> Mostrar opciones avanzadas -> Privacidad -> Configuraci\u00f3n de contenido. Para m\u00e1s informaci\u00f3n, puede consultar el soporte de Google o la Ayuda del navegador.<br \/>\nSafari: Preferencias -> Seguridad. Para m\u00e1s informaci\u00f3n, puede consultar el soporte de Apple o la Ayuda del navegador.<br \/>\nPara cualquier duda o consulta acerca de esta pol\u00edtica de cookies no dude en comunicarse con nosotros a trav\u00e9s de la secci\u00f3n de contacto.<br \/>\n<\/p>","protected":false},"excerpt":{"rendered":"<p>Pol\u00edtica e informaci\u00f3n sobre las cookies<br \/>\nUna cookie es un peque\u00f1o fichero de texto que se almacena en su navegador <\/p>\n","protected":false},"author":1,"featured_media":0,"parent":0,"menu_order":0,"comment_status":"closed","ping_status":"closed","template":"","meta":{"_exactmetrics_skip_tracking":false,"_exactmetrics_sitenote_active":false,"_exactmetrics_sitenote_note":"","_exactmetrics_sitenote_category":0,"footnotes":""},"class_list":["post-4474","page","type-page","status-publish","hentry"],"yoast_head":"<!-- This site is optimized with the Yoast SEO plugin v26.9 - https:\/\/yoast.com\/product\/yoast-seo-wordpress\/ -->\n<title>Pol\u00edtica de cookies - Spain Charming Holidays<\/title>\n<meta name=\"robots\" content=\"index, follow, max-snippet:-1, max-image-preview:large, max-video-preview:-1\" \/>\n<link rel=\"canonical\" href=\"https:\/\/spaincharmingholidays.com\/en\/politica-de-cookies\/\" \/>\n<meta property=\"og:locale\" content=\"ru_RU\" \/>\n<meta property=\"og:type\" content=\"article\" \/>\n<meta property=\"og:title\" content=\"Pol\u00edtica de cookies - Spain Charming Holidays\" \/>\n<meta property=\"og:description\" content=\"Pol\u00edtica e informaci\u00f3n sobre las cookies Una cookie es un peque\u00f1o fichero de texto que se almacena en su navegador\" \/>\n<meta property=\"og:url\" content=\"https:\/\/spaincharmingholidays.com\/en\/politica-de-cookies\/\" \/>\n<meta property=\"og:site_name\" content=\"Spain Charming Holidays\" \/>\n<meta property=\"article:modified_time\" content=\"2017-06-15T08:43:38+00:00\" \/>\n<meta name=\"twitter:card\" content=\"summary_large_image\" \/>\n<meta name=\"twitter:label1\" content=\"\u041f\u0440\u0438\u043c\u0435\u0440\u043d\u043e\u0435 \u0432\u0440\u0435\u043c\u044f \u0434\u043b\u044f \u0447\u0442\u0435\u043d\u0438\u044f\" \/>\n\t<meta name=\"twitter:data1\" content=\"6 \u043c\u0438\u043d\u0443\u0442\" \/>\n<script type=\"application\/ld+json\" class=\"yoast-schema-graph\">{\"@context\":\"https:\/\/schema.org\",\"@graph\":[{\"@type\":\"WebPage\",\"@id\":\"https:\/\/spaincharmingholidays.com\/en\/politica-de-cookies\/\",\"url\":\"https:\/\/spaincharmingholidays.com\/en\/politica-de-cookies\/\",\"name\":\"Pol\u00edtica de cookies - Spain Charming Holidays\",\"isPartOf\":{\"@id\":\"https:\/\/spaincharmingholidays.com\/#website\"},\"datePublished\":\"2017-06-09T10:25:39+00:00\",\"dateModified\":\"2017-06-15T08:43:38+00:00\",\"breadcrumb\":{\"@id\":\"https:\/\/spaincharmingholidays.com\/en\/politica-de-cookies\/#breadcrumb\"},\"inLanguage\":\"ru-RU\",\"potentialAction\":[{\"@type\":\"ReadAction\",\"target\":[\"https:\/\/spaincharmingholidays.com\/en\/politica-de-cookies\/\"]}]},{\"@type\":\"BreadcrumbList\",\"@id\":\"https:\/\/spaincharmingholidays.com\/en\/politica-de-cookies\/#breadcrumb\",\"itemListElement\":[{\"@type\":\"ListItem\",\"position\":1,\"name\":\"Portada\",\"item\":\"https:\/\/spaincharmingholidays.com\/\"},{\"@type\":\"ListItem\",\"position\":2,\"name\":\"Pol\u00edtica de cookies\"}]},{\"@type\":\"WebSite\",\"@id\":\"https:\/\/spaincharmingholidays.com\/#website\",\"url\":\"https:\/\/spaincharmingholidays.com\/\",\"name\":\"Spain Charming Holidays\",\"description\":\"\",\"potentialAction\":[{\"@type\":\"SearchAction\",\"target\":{\"@type\":\"EntryPoint\",\"urlTemplate\":\"https:\/\/spaincharmingholidays.com\/?s={search_term_string}\"},\"query-input\":{\"@type\":\"PropertyValueSpecification\",\"valueRequired\":true,\"valueName\":\"search_term_string\"}}],\"inLanguage\":\"ru-RU\"}]}<\/script>\n<!-- \/ Yoast SEO plugin. -->","yoast_head_json":{"title":"Pol\u00edtica de cookies - Spain Charming Holidays","robots":{"index":"index","follow":"follow","max-snippet":"max-snippet:-1","max-image-preview":"max-image-preview:large","max-video-preview":"max-video-preview:-1"},"canonical":"https:\/\/spaincharmingholidays.com\/en\/politica-de-cookies\/","og_locale":"ru_RU","og_type":"article","og_title":"Pol\u00edtica de cookies - Spain Charming Holidays","og_description":"Pol\u00edtica e informaci\u00f3n sobre las cookies Una cookie es un peque\u00f1o fichero de texto que se almacena en su navegador","og_url":"https:\/\/spaincharmingholidays.com\/en\/politica-de-cookies\/","og_site_name":"Spain Charming Holidays","article_modified_time":"2017-06-15T08:43:38+00:00","twitter_card":"summary_large_image","twitter_misc":{"\u041f\u0440\u0438\u043c\u0435\u0440\u043d\u043e\u0435 \u0432\u0440\u0435\u043c\u044f \u0434\u043b\u044f \u0447\u0442\u0435\u043d\u0438\u044f":"6 \u043c\u0438\u043d\u0443\u0442"},"schema":{"@context":"https:\/\/schema.org","@graph":[{"@type":"WebPage","@id":"https:\/\/spaincharmingholidays.com\/en\/politica-de-cookies\/","url":"https:\/\/spaincharmingholidays.com\/en\/politica-de-cookies\/","name":"Pol\u00edtica de cookies - Spain Charming Holidays","isPartOf":{"@id":"https:\/\/spaincharmingholidays.com\/#website"},"datePublished":"2017-06-09T10:25:39+00:00","dateModified":"2017-06-15T08:43:38+00:00","breadcrumb":{"@id":"https:\/\/spaincharmingholidays.com\/en\/politica-de-cookies\/#breadcrumb"},"inLanguage":"ru-RU","potentialAction":[{"@type":"ReadAction","target":["https:\/\/spaincharmingholidays.com\/en\/politica-de-cookies\/"]}]},{"@type":"BreadcrumbList","@id":"https:\/\/spaincharmingholidays.com\/en\/politica-de-cookies\/#breadcrumb","itemListElement":[{"@type":"ListItem","position":1,"name":"Portada","item":"https:\/\/spaincharmingholidays.com\/"},{"@type":"ListItem","position":2,"name":"Pol\u00edtica de cookies"}]},{"@type":"WebSite","@id":"https:\/\/spaincharmingholidays.com\/#website","url":"https:\/\/spaincharmingholidays.com\/","name":"Spain Charming Holidays","description":"","potentialAction":[{"@type":"SearchAction","target":{"@type":"EntryPoint","urlTemplate":"https:\/\/spaincharmingholidays.com\/?s={search_term_string}"},"query-input":{"@type":"PropertyValueSpecification","valueRequired":true,"valueName":"search_term_string"}}],"inLanguage":"ru-RU"}]}},"_links":{"self":[{"href":"https:\/\/spaincharmingholidays.com\/ru\/wp-json\/wp\/v2\/pages\/4474","targetHints":{"allow":["GET"]}}],"collection":[{"href":"https:\/\/spaincharmingholidays.com\/ru\/wp-json\/wp\/v2\/pages"}],"about":[{"href":"https:\/\/spaincharmingholidays.com\/ru\/wp-json\/wp\/v2\/types\/page"}],"author":[{"embeddable":true,"href":"https:\/\/spaincharmingholidays.com\/ru\/wp-json\/wp\/v2\/users\/1"}],"replies":[{"embeddable":true,"href":"https:\/\/spaincharmingholidays.com\/ru\/wp-json\/wp\/v2\/comments?post=4474"}],"version-history":[{"count":4,"href":"https:\/\/spaincharmingholidays.com\/ru\/wp-json\/wp\/v2\/pages\/4474\/revisions"}],"predecessor-version":[{"id":4719,"href":"https:\/\/spaincharmingholidays.com\/ru\/wp-json\/wp\/v2\/pages\/4474\/revisions\/4719"}],"wp:attachment":[{"href":"https:\/\/spaincharmingholidays.com\/ru\/wp-json\/wp\/v2\/media?parent=4474"}],"curies":[{"name":"wp","href":"https:\/\/api.w.org\/{rel}","templated":true}]}}