{"id":2545,"date":"2015-10-13T02:28:24","date_gmt":"2015-10-13T00:28:24","guid":{"rendered":"http:\/\/demo.thimpress.com\/sailing\/?page_id=2545"},"modified":"2017-07-14T12:57:47","modified_gmt":"2017-07-14T10:57:47","slug":"reservation","status":"publish","type":"page","link":"https:\/\/spaincharmingholidays.com\/ru\/reservation\/","title":{"rendered":"\u0431\u0440\u043e\u043d\u0438\u0440\u043e\u0432\u0430\u043d\u0438\u0435"},"content":{"rendered":"<div id=\"pl-2545\"  class=\"panel-layout\" ><div id=\"pg-2545-0\"  class=\"panel-grid panel-has-style\" ><div class=\"thim-booking-search-home-3 siteorigin-panels-stretch panel-row-style panel-row-style-for-2545-0\" data-stretch-type=\"full\" ><div id=\"pgc-2545-0-0\"  class=\"panel-grid-cell\" ><div id=\"panel-2545-0-0-0\" class=\"so-panel widget widget_heading panel-first-child\" data-index=\"0\" ><div class=\"panel-widget-style panel-widget-style-for-2545-0-0-0\" ><div class=\"thim-widget-heading thim-widget-heading-base\"><div class=\"sc-heading article_heading wrapper-line-heading\"><h3 class=\"heading__primary\">\u00bfCu\u00e1ndo quieres descansar?<\/h3><span class=\"line-heading\"><span><\/span><\/span><\/div><\/div><\/div><\/div><div id=\"panel-2545-0-0-1\" class=\"so-panel widget widget_sow-button panel-last-child\" data-index=\"1\" ><div\n\t\t\t\n\t\t\tclass=\"so-widget-sow-button so-widget-sow-button-atom-45c8d0a36665-2545\"\n\t\t\t\n\t\t><div class=\"ow-button-base ow-button-align-center\"\n>\n\t\t\t<a\n\t\t\t\t\thref=\"https:\/\/booking.avirato.com\/?code=34539050\"\n\t\t\t\t\tclass=\"sowb-button ow-icon-placement-left ow-button-hover\" target=\"_blank\" rel=\"noopener noreferrer\" \t>\n\t\t<span>\n\t\t\t\n\t\t\tRESERVAR\t\t<\/span>\n\t\t\t<\/a>\n\t<\/div>\n<\/div><\/div><\/div><\/div><\/div><div id=\"pg-2545-1\"  class=\"panel-grid panel-no-style\" ><div id=\"pgc-2545-1-0\"  class=\"panel-grid-cell\" ><div id=\"panel-2545-1-0-0\" class=\"so-panel widget widget_text panel-first-child panel-last-child\" data-index=\"2\" ><div class=\"panel-widget-style panel-widget-style-for-2545-1-0-0\" ><h3 class=\"widget-title\">\u00bfC\u00f3mo puedo reservar?<\/h3>\t\t\t<div class=\"textwidget\"><div class=\"thim-make-reservations\">\n<p>Puede reservar a trav\u00e9s de nuestro calendario de reservas disponible en nuestra p\u00e1gina web.<\/p>\n<p>En caso de tener cualquier pregunta sobre las viviendas, no dude en llamarnos al tel\u00e9fono <a href=\"tel:\/\/952484530\">+34 952 48 45 30<\/a>.<\/p>\n<p>Puede facilitarnos su n\u00famero de tel\u00e9fono a trav\u00e9s de nuestro <a href=\"https:\/\/spaincharmingholidays.com\/contacto\/\" target=\"_blank\" rel=\"noopener\">formulario de contacto<\/a> y <strong>le llamaremos<\/strong>.<\/p>\n<\/div>\n<div class=\"thim-make-reservations\">\n<h6><em>El equipo de Spain Charming Holidays<\/em><\/h6>\n<\/div>\n<\/div>\n\t\t<\/div><\/div><\/div><div id=\"pgc-2545-1-1\"  class=\"panel-grid-cell\" ><div id=\"panel-2545-1-1-0\" class=\"so-panel widget widget_text panel-first-child panel-last-child\" data-index=\"3\" ><div class=\"panel-widget-style panel-widget-style-for-2545-1-1-0\" ><h3 class=\"widget-title\">How can I book?<\/h3>\t\t\t<div class=\"textwidget\"><div class=\"thim-make-reservations\">\n<p>You can make a reservation through our booking calendar available on our website.<\/p>\n<p>If you have any questions regarding the properties, do not hesitate to contact us by calling <a href=\"tel:\/\/952484530\">+34 952 48 45 30<\/a>.<\/p>\n<p>You can give us your phone number through our <a href=\"https:\/\/spaincharmingholidays.com\/contacto\/\" target=\"_blank\" rel=\"noopener\">contact form<\/a> and <strong>we will call you<\/strong>.<\/p>\n<\/div>\n<div class=\"thim-make-reservations\">\n<h6><em>Spain Charming Holidays team<\/em><\/h6>\n<\/div>\n<\/div>\n\t\t<\/div><\/div><\/div><\/div><div id=\"pg-2545-2\"  class=\"panel-grid panel-no-style\" ><div id=\"pgc-2545-2-0\"  class=\"panel-grid-cell\" ><div id=\"panel-2545-2-0-0\" class=\"so-panel widget widget_black-studio-tinymce widget_black_studio_tinymce panel-first-child panel-last-child\" data-index=\"4\" ><h3 class=\"widget-title\">FAQs<\/h3><div class=\"textwidget\"><h3 class=\"widget-title\">1. \u00bfC\u00f3mo llegar a la Villa \/ Apartamento?<\/h3>\n<p>Ofrecemos servicio de Transfer \/ Traslado<\/p>\n<p>En caso de que desee que le recojamos en el aeropuerto con nuestro\u00a0servicio de transporte\/traslado, h\u00e1ganoslo saber y le enviaremos el formulario de transporte correspondiente. Si necesita ayuda para completarlo, no dude en ponerse en contacto con nosotros y le\u00a0asistiremoscon mucho gusto.<\/p>\n<p>&nbsp;<\/p>\n<h3 class=\"widget-title\">2. \u00bfD\u00f3nde puedo encontrar el alquiler de coches m\u00e1s cercano?<\/h3>\n<p>Hay una empresa local de alquiler de coches llamada Yellow Car que est\u00e1 situada en Marbella, con oficinas en el aeropuerto de M\u00e1laga y La Cala de Mijas.<\/p>\n<p><a href=\"http:\/\/www.yellowcar.com\" target=\"_blank\" rel=\"noopener\">M\u00e1s informaci\u00f3n<\/a>.<\/p>\n<p>&nbsp;<\/p>\n<div id=\"pg-4457-2\" class=\"panel-grid panel-no-style\">\n<div id=\"pgc-4457-2-0\" class=\"panel-grid-cell\">\n<div id=\"panel-4457-2-0-0\" class=\"so-panel widget widget_text panel-first-child\" data-index=\"4\">\n<div class=\"panel-widget-style panel-widget-style-for-4457-2-0-0\">\n<h3 class=\"widget-title\">3. \u00bfCu\u00e1les son las horas de entrada (check in) y de salida (check out)?<\/h3>\n<div class=\"textwidget\">\u00a0<span style=\"font-size: 16px;\">Check in: 16:00h- 22:00h \u00a0 \u00a0 \u00a0 \u00a0 \u00a0Check out: 12:00h<\/span><\/div>\n<div><\/div>\n<\/div>\n<\/div>\n<\/div>\n<\/div>\n<div id=\"pg-4457-3\" class=\"panel-grid panel-no-style\">\n<div id=\"pgc-4457-3-0\" class=\"panel-grid-cell\">\n<div id=\"panel-4457-3-0-0\" class=\"so-panel widget widget_text panel-first-child\" data-index=\"6\">\n<div class=\"panel-widget-style panel-widget-style-for-4457-3-0-0\">\n<h3 class=\"widget-title\">4. \u00bfQu\u00e9 ocurre si llego antes de las 16.00?<\/h3>\n<div class=\"textwidget\">\u00a0<span style=\"font-size: 16px;\">En caso de que Usted llegue antes de las 16.00 y su vivienda no estuviera lista para su entrada (check-in) tendr\u00eda que esperar a que la vivienda estuviera disponible, en el caso de esta libre la vivienda usted podr\u00e1 realizar su entrada antes, siempre y cuando nos avise para poder contar con nuestro personal para realizar el check-in a la hora indicada de su llegada. \u00a0<\/span><\/div>\n<div><\/div>\n<\/div>\n<\/div>\n<\/div>\n<\/div>\n<div id=\"pg-4457-4\" class=\"panel-grid panel-no-style\">\n<div id=\"pgc-4457-4-0\" class=\"panel-grid-cell\">\n<div id=\"panel-4457-4-0-0\" class=\"so-panel widget widget_text panel-first-child\" data-index=\"8\">\n<div class=\"panel-widget-style panel-widget-style-for-4457-4-0-0\">\n<h3 class=\"widget-title\">5. \u00bfSe puede realizar el Check in m\u00e1s temprano?<\/h3>\n<div class=\"textwidget\">\u00a0<span style=\"font-size: 16px;\">A veces es posible realizar el check in m\u00e1s temprano, aunque esto depende de la disponibilidad de las villas y los apartamentos \u00a0y no se puede garantizar, dado que depende del check out previo. Sin embargo, si desea asegurarse de que su habitaci\u00f3n est\u00e9 lista para usted en cuanto llegue, puede reservar el apartamento desde la noche anterior a su llegada.<\/span><\/div>\n<\/div>\n<\/div>\n<\/div>\n<\/div>\n<div id=\"pg-4457-5\" class=\"panel-grid panel-no-style\">\n<div id=\"pgc-4457-5-0\" class=\"panel-grid-cell\">\n<div id=\"panel-4457-5-0-0\" class=\"so-panel widget widget_text panel-first-child\" data-index=\"10\">\n<div class=\"panel-widget-style panel-widget-style-for-4457-5-0-0\">\n<h3><\/h3>\n<h3 class=\"widget-title\">6. \u00bfPuedo dejar la habitaci\u00f3n m\u00e1s tarde?<\/h3>\n<div class=\"textwidget\">\u00a0<span style=\"font-size: 16px;\">A veces es posible realizar el check out m\u00e1s tarde, si realiza su reserva a trav\u00e9s de nuestra web, ofrecemos dos horas adicionales de estancia. Si el tiempo deseado de salida tard\u00eda es mayor, puede ponerse en contracto con nosotros para establecer una tarifa seg\u00fan las horas que necesite.<\/span><\/div>\n<div><\/div>\n<\/div>\n<\/div>\n<\/div>\n<\/div>\n<div id=\"pg-4457-6\" class=\"panel-grid panel-no-style\">\n<div id=\"pgc-4457-6-0\" class=\"panel-grid-cell\">\n<div id=\"panel-4457-6-0-0\" class=\"so-panel widget widget_text panel-first-child\" data-index=\"12\">\n<div class=\"panel-widget-style panel-widget-style-for-4457-6-0-0\">\n<h3 class=\"widget-title\">7. \u00bfQu\u00e9 puedo hacer si me pierdo o si me retraso?<\/h3>\n<div class=\"textwidget\">\u00a0<span style=\"font-size: 16px;\">Si se pierde o se retrasa, por favor p\u00f3ngase en contacto con nuestro servicio de atenci\u00f3n al cliente, llamando a este n\u00famero +34 952 48 43 50<\/span><\/div>\n<div><\/div>\n<\/div>\n<\/div>\n<\/div>\n<\/div>\n<div id=\"pg-4457-7\" class=\"panel-grid panel-no-style\">\n<div id=\"pgc-4457-7-0\" class=\"panel-grid-cell\">\n<div id=\"panel-4457-7-0-0\" class=\"so-panel widget widget_text panel-first-child\" data-index=\"14\">\n<div class=\"panel-widget-style panel-widget-style-for-4457-7-0-0\">\n<h3 class=\"widget-title\">8. \u00bfEs seguro hacer mi reserva online (por Internet)?<\/h3>\n<div class=\"textwidget\">\u00a0<span style=\"font-size: 16px;\">Por supuesto. \u00a0Todo el proceso de pago con tarjeta de cr\u00e9dito\/d\u00e9bito se realiza mediante un sistema de pago de\u00a0banco en l\u00ednea (telebanco)4B que garantiza que la transacci\u00f3n sea muy segura. Respetamos su privacidad y no revelamos ninguno de sus datos personales, cumpliendo con la LSSI, la ley de Protecci\u00f3n de Datos y los Compromisos de Privacidad y Confidencialidad, conocidos como Ley Org\u00e1nica 15\/1999 de 13 de diciembre de Protecci\u00f3n de Datos de Car\u00e1cter Personal, (LOPD).<\/span><\/div>\n<div><\/div>\n<\/div>\n<\/div>\n<\/div>\n<\/div>\n<div id=\"pg-4457-8\" class=\"panel-grid panel-no-style\">\n<div id=\"pgc-4457-8-0\" class=\"panel-grid-cell\">\n<div id=\"panel-4457-8-0-0\" class=\"so-panel widget widget_text panel-first-child\" data-index=\"16\">\n<div class=\"panel-widget-style panel-widget-style-for-4457-8-0-0\">\n<h3 class=\"widget-title\">9. \u00bfC\u00f3mo puedo ponerme en contacto con el hotel directamente?<\/h3>\n<div class=\"textwidget\">\u00a0<span style=\"font-size: 16px;\">Puede llamarnos o escribirnos. \u00a0 \u00a0 \u00a0 \u00a0 \u00a0\u00a0Tel\u00e9fono: 952 48 43 50 \u00a0 \u00a0 \u00a0 \u00a0 \u00a0\u00a0Correo electr\u00f3nico: info@spaincharmingholidays.com<\/span><\/div>\n<div><\/div>\n<\/div>\n<\/div>\n<\/div>\n<\/div>\n<div id=\"pg-4457-9\" class=\"panel-grid panel-no-style\">\n<div id=\"pgc-4457-9-0\" class=\"panel-grid-cell\">\n<div id=\"panel-4457-9-0-0\" class=\"so-panel widget widget_text panel-first-child\" data-index=\"18\">\n<div class=\"panel-widget-style panel-widget-style-for-4457-9-0-0\">\n<h3 class=\"widget-title\">10. He realizado una reserva a trav\u00e9s de la p\u00e1gina web, pero no he recibido un email (correo) de confirmaci\u00f3n<\/h3>\n<div class=\"textwidget\">\u00a0<span style=\"font-size: 16px;\">Si no ha recibido un\u00a0email (correo)\u00a0de confirmaci\u00f3n despu\u00e9s de haber realizado una reserva, por favor p\u00f3ngase en contacto con nuestro Departamento de Reservas, llamando a este n\u00famero +34 952 48 45 30<\/span><\/div>\n<\/div>\n<\/div>\n<div id=\"panel-4457-9-0-1\" class=\"so-panel widget widget_text panel-last-child\" data-index=\"19\"><\/div>\n<\/div>\n<\/div>\n<div id=\"pg-4457-10\" class=\"panel-grid panel-no-style\">\n<div id=\"pgc-4457-10-0\" class=\"panel-grid-cell\">\n<div id=\"panel-4457-10-0-0\" class=\"so-panel widget widget_text panel-first-child\" data-index=\"20\">\n<div class=\"panel-widget-style panel-widget-style-for-4457-10-0-0\">\n<h3 class=\"widget-title\">11. \u00bfA qu\u00e9 distancia se encuentra el hospital m\u00e1s cercano al hotel?<\/h3>\n<div class=\"textwidget\"><span style=\"font-size: 16px;\">Hospiten Estepona\u00a0Ubicaci\u00f3n: Partido de Veler\u00edn, Ctra: Nacional 340, km162, Estepona, 26980<\/span><\/div>\n<\/div>\n<\/div>\n<div id=\"panel-4457-10-0-1\" class=\"so-panel widget widget_text panel-last-child\" data-index=\"21\">\n<div class=\"textwidget\">\n<p>Tel: +34 952 760 600 \u00a0P\u00e1gina web:<a href=\"http:\/\/www.hospiten.es\/\">\u00a0www.hospiten.es<\/a><\/p>\n<p>Hospital Quir\u00f3n Salud Marbella \u00a0Ubicaci\u00f3n: Av. Severo Ochoa, 22, 29603 Marbella, M\u00e1laga<\/p>\n<p>Tel: +34 952 774 200 \u00a0\u00a0P\u00e1gina web:<a href=\"http:\/\/www.hospiten.es\/\">\u00a0https:\/\/www.quironsalud.es\/marbella<\/a><\/p>\n<p>Hospital Costa del Sol \u00a0Ubicaci\u00f3n: Autov\u00eda A-7 km187, 29603 Marbella<\/p>\n<p>Tel: +34 951 976 669 \u00f3 +34 951 976 670 \u00a0 \u00a0P\u00e1gina web:<a href=\"http:\/\/www.hcs.es\/\">\u00a0www.hcs.es<\/a><\/p>\n<p>&nbsp;<\/p>\n<\/div>\n<\/div>\n<\/div>\n<\/div>\n<div id=\"pg-4457-11\" class=\"panel-grid panel-no-style\">\n<div id=\"pgc-4457-11-0\" class=\"panel-grid-cell\">\n<div id=\"panel-4457-11-0-0\" class=\"so-panel widget widget_text panel-first-child\" data-index=\"22\">\n<div class=\"panel-widget-style panel-widget-style-for-4457-11-0-0\">\n<h3 class=\"widget-title\">12. \u00bfSe admiten mascotas en las viviendas?<\/h3>\n<div class=\"textwidget\">\u00a0<span style=\"font-size: 16px;\">Cada una de nuestras viviendas ofrecen servicios especiales, cuando revises nuestros alojamientos, presta atenci\u00f3n a los servicios especificados de cada vivienda y busca la se\u00f1al de mascotas.<\/span><\/div>\n<\/div>\n<\/div>\n<div id=\"panel-4457-11-0-1\" class=\"so-panel widget widget_text panel-last-child\" data-index=\"23\">\n<div class=\"textwidget\">\n<p>Significa que esa vivienda acepta mascotas.<\/p>\n<\/div>\n<\/div>\n<\/div>\n<\/div>\n<\/div><\/div><\/div><\/div><div id=\"pg-2545-3\"  class=\"panel-grid panel-no-style\" ><div id=\"pgc-2545-3-0\"  class=\"panel-grid-cell\" ><div id=\"panel-2545-3-0-0\" class=\"so-panel widget widget_black-studio-tinymce widget_black_studio_tinymce panel-first-child panel-last-child\" data-index=\"5\" ><div class=\"textwidget\"><p><a href=\"https:\/\/spaincharmingholidays.com\/en\/faq-sin-builder\/\" hreflang=\"en\" title=\"English (en)\" class=\"qtranxs_image qtranxs_image_en\"><img decoding=\"async\" src=\"https:\/\/spaincharmingholidays.com\/wp-content\/plugins\/qtranslate-x\/flags\/gb.png\" alt=\"English (en)\"><span style=\"display:none\">English<\/span><\/a><\/p>\n<\/div><\/div><\/div><div id=\"pgc-2545-3-1\"  class=\"panel-grid-cell\" ><div id=\"panel-2545-3-1-0\" class=\"so-panel widget widget_black-studio-tinymce widget_black_studio_tinymce panel-first-child panel-last-child\" data-index=\"6\" ><div class=\"textwidget\"><p><a href=\"https:\/\/spaincharmingholidays.com\/ru\/faq-sin-builder\/\" hreflang=\"ru\" title=\"\u0420\u0443\u0441\u0441\u043a\u0438\u0439 (ru)\" class=\"qtranxs_image qtranxs_image_ru\"><img decoding=\"async\" src=\"https:\/\/spaincharmingholidays.com\/wp-content\/plugins\/qtranslate-x\/flags\/ru.png\" alt=\"\u0420\u0443\u0441\u0441\u043a\u0438\u0439 (ru)\"><span style=\"display:none\">\u0420\u0443\u0441\u0441\u043a\u0438\u0439<\/span><\/a><\/p>\n<\/div><\/div><\/div><div id=\"pgc-2545-3-2\"  class=\"panel-grid-cell panel-grid-cell-empty\" ><\/div><div id=\"pgc-2545-3-3\"  class=\"panel-grid-cell panel-grid-cell-empty\" ><\/div><div id=\"pgc-2545-3-4\"  class=\"panel-grid-cell panel-grid-cell-empty\" ><\/div><div id=\"pgc-2545-3-5\"  class=\"panel-grid-cell panel-grid-cell-empty\" ><\/div><div id=\"pgc-2545-3-6\"  class=\"panel-grid-cell panel-grid-cell-empty\" ><\/div><div id=\"pgc-2545-3-7\"  class=\"panel-grid-cell panel-grid-cell-empty\" ><\/div><div id=\"pgc-2545-3-8\"  class=\"panel-grid-cell panel-grid-cell-empty\" ><\/div><div id=\"pgc-2545-3-9\"  class=\"panel-grid-cell panel-grid-cell-empty\" ><\/div><div id=\"pgc-2545-3-10\"  class=\"panel-grid-cell panel-grid-cell-empty panel-grid-cell-mobile-last\" ><\/div><div id=\"pgc-2545-3-11\"  class=\"panel-grid-cell panel-grid-cell-empty\" ><\/div><\/div><\/div>","protected":false},"excerpt":{"rendered":"<p>Puede reservar a trav\u00e9s de nuestro calendario de reservas disponible en nuestra p\u00e1gina web. En caso de tener cualquier pregunta [&hellip;]<\/p>\n","protected":false},"author":1,"featured_media":0,"parent":0,"menu_order":0,"comment_status":"closed","ping_status":"closed","template":"","meta":{"_exactmetrics_skip_tracking":false,"_exactmetrics_sitenote_active":false,"_exactmetrics_sitenote_note":"","_exactmetrics_sitenote_category":0,"footnotes":""},"class_list":["post-2545","page","type-page","status-publish","hentry"],"yoast_head":"<!-- This site is optimized with the Yoast SEO plugin v26.9 - https:\/\/yoast.com\/product\/yoast-seo-wordpress\/ -->\n<title>Spain Charming Holidays | Vacaciones con encanto en M\u00e1laga -Reservas<\/title>\n<meta name=\"description\" content=\"\u00bfQuieres alojarte en un villa de lujo en M\u00e1laga? Ofrecemos una gran variedad de viviendas en nuestro portal. \u00bfCu\u00e1ndo quieres descansar? Reservas disponibles\" \/>\n<meta name=\"robots\" content=\"index, follow, max-snippet:-1, max-image-preview:large, max-video-preview:-1\" \/>\n<link rel=\"canonical\" href=\"https:\/\/spaincharmingholidays.com\/en\/reservation\/\" \/>\n<meta property=\"og:locale\" content=\"ru_RU\" \/>\n<meta property=\"og:type\" content=\"article\" \/>\n<meta property=\"og:title\" content=\"Spain Charming Holidays | Vacaciones con encanto en M\u00e1laga -Reservas\" \/>\n<meta property=\"og:description\" content=\"\u00bfQuieres alojarte en un villa de lujo en M\u00e1laga? Ofrecemos una gran variedad de viviendas en nuestro portal. \u00bfCu\u00e1ndo quieres descansar? Reservas disponibles\" \/>\n<meta property=\"og:url\" content=\"https:\/\/spaincharmingholidays.com\/en\/reservation\/\" \/>\n<meta property=\"og:site_name\" content=\"Spain Charming Holidays\" \/>\n<meta property=\"article:modified_time\" content=\"2017-07-14T10:57:47+00:00\" \/>\n<meta property=\"og:image\" content=\"https:\/\/spaincharmingholidays.com\/wp-content\/plugins\/qtranslate-x\/flags\/gb.png\" \/>\n<meta name=\"twitter:card\" content=\"summary_large_image\" \/>\n<meta name=\"twitter:label1\" content=\"\u041f\u0440\u0438\u043c\u0435\u0440\u043d\u043e\u0435 \u0432\u0440\u0435\u043c\u044f \u0434\u043b\u044f \u0447\u0442\u0435\u043d\u0438\u044f\" \/>\n\t<meta name=\"twitter:data1\" content=\"4 \u043c\u0438\u043d\u0443\u0442\u044b\" \/>\n<script type=\"application\/ld+json\" class=\"yoast-schema-graph\">{\"@context\":\"https:\/\/schema.org\",\"@graph\":[{\"@type\":\"WebPage\",\"@id\":\"https:\/\/spaincharmingholidays.com\/en\/reservation\/\",\"url\":\"https:\/\/spaincharmingholidays.com\/en\/reservation\/\",\"name\":\"Spain Charming Holidays | Vacaciones con encanto en M\u00e1laga -Reservas\",\"isPartOf\":{\"@id\":\"https:\/\/spaincharmingholidays.com\/#website\"},\"primaryImageOfPage\":{\"@id\":\"https:\/\/spaincharmingholidays.com\/en\/reservation\/#primaryimage\"},\"image\":{\"@id\":\"https:\/\/spaincharmingholidays.com\/en\/reservation\/#primaryimage\"},\"thumbnailUrl\":\"https:\/\/spaincharmingholidays.com\/wp-content\/plugins\/qtranslate-x\/flags\/gb.png\",\"datePublished\":\"2015-10-13T00:28:24+00:00\",\"dateModified\":\"2017-07-14T10:57:47+00:00\",\"description\":\"\u00bfQuieres alojarte en un villa de lujo en M\u00e1laga? Ofrecemos una gran variedad de viviendas en nuestro portal. \u00bfCu\u00e1ndo quieres descansar? Reservas disponibles\",\"breadcrumb\":{\"@id\":\"https:\/\/spaincharmingholidays.com\/en\/reservation\/#breadcrumb\"},\"inLanguage\":\"ru-RU\",\"potentialAction\":[{\"@type\":\"ReadAction\",\"target\":[\"https:\/\/spaincharmingholidays.com\/en\/reservation\/\"]}]},{\"@type\":\"ImageObject\",\"inLanguage\":\"ru-RU\",\"@id\":\"https:\/\/spaincharmingholidays.com\/en\/reservation\/#primaryimage\",\"url\":\"https:\/\/spaincharmingholidays.com\/wp-content\/plugins\/qtranslate-x\/flags\/gb.png\",\"contentUrl\":\"https:\/\/spaincharmingholidays.com\/wp-content\/plugins\/qtranslate-x\/flags\/gb.png\"},{\"@type\":\"BreadcrumbList\",\"@id\":\"https:\/\/spaincharmingholidays.com\/en\/reservation\/#breadcrumb\",\"itemListElement\":[{\"@type\":\"ListItem\",\"position\":1,\"name\":\"Portada\",\"item\":\"https:\/\/spaincharmingholidays.com\/\"},{\"@type\":\"ListItem\",\"position\":2,\"name\":\"Bookings\"}]},{\"@type\":\"WebSite\",\"@id\":\"https:\/\/spaincharmingholidays.com\/#website\",\"url\":\"https:\/\/spaincharmingholidays.com\/\",\"name\":\"Spain Charming Holidays\",\"description\":\"\",\"potentialAction\":[{\"@type\":\"SearchAction\",\"target\":{\"@type\":\"EntryPoint\",\"urlTemplate\":\"https:\/\/spaincharmingholidays.com\/?s={search_term_string}\"},\"query-input\":{\"@type\":\"PropertyValueSpecification\",\"valueRequired\":true,\"valueName\":\"search_term_string\"}}],\"inLanguage\":\"ru-RU\"}]}<\/script>\n<!-- \/ Yoast SEO plugin. -->","yoast_head_json":{"title":"Spain Charming Holidays | Vacaciones con encanto en M\u00e1laga -Reservas","description":"\u00bfQuieres alojarte en un villa de lujo en M\u00e1laga? Ofrecemos una gran variedad de viviendas en nuestro portal. \u00bfCu\u00e1ndo quieres descansar? Reservas disponibles","robots":{"index":"index","follow":"follow","max-snippet":"max-snippet:-1","max-image-preview":"max-image-preview:large","max-video-preview":"max-video-preview:-1"},"canonical":"https:\/\/spaincharmingholidays.com\/en\/reservation\/","og_locale":"ru_RU","og_type":"article","og_title":"Spain Charming Holidays | Vacaciones con encanto en M\u00e1laga -Reservas","og_description":"\u00bfQuieres alojarte en un villa de lujo en M\u00e1laga? Ofrecemos una gran variedad de viviendas en nuestro portal. \u00bfCu\u00e1ndo quieres descansar? Reservas disponibles","og_url":"https:\/\/spaincharmingholidays.com\/en\/reservation\/","og_site_name":"Spain Charming Holidays","article_modified_time":"2017-07-14T10:57:47+00:00","og_image":[{"url":"https:\/\/spaincharmingholidays.com\/wp-content\/plugins\/qtranslate-x\/flags\/gb.png","type":"","width":"","height":""}],"twitter_card":"summary_large_image","twitter_misc":{"\u041f\u0440\u0438\u043c\u0435\u0440\u043d\u043e\u0435 \u0432\u0440\u0435\u043c\u044f \u0434\u043b\u044f \u0447\u0442\u0435\u043d\u0438\u044f":"4 \u043c\u0438\u043d\u0443\u0442\u044b"},"schema":{"@context":"https:\/\/schema.org","@graph":[{"@type":"WebPage","@id":"https:\/\/spaincharmingholidays.com\/en\/reservation\/","url":"https:\/\/spaincharmingholidays.com\/en\/reservation\/","name":"Spain Charming Holidays | Vacaciones con encanto en M\u00e1laga -Reservas","isPartOf":{"@id":"https:\/\/spaincharmingholidays.com\/#website"},"primaryImageOfPage":{"@id":"https:\/\/spaincharmingholidays.com\/en\/reservation\/#primaryimage"},"image":{"@id":"https:\/\/spaincharmingholidays.com\/en\/reservation\/#primaryimage"},"thumbnailUrl":"https:\/\/spaincharmingholidays.com\/wp-content\/plugins\/qtranslate-x\/flags\/gb.png","datePublished":"2015-10-13T00:28:24+00:00","dateModified":"2017-07-14T10:57:47+00:00","description":"\u00bfQuieres alojarte en un villa de lujo en M\u00e1laga? Ofrecemos una gran variedad de viviendas en nuestro portal. \u00bfCu\u00e1ndo quieres descansar? Reservas disponibles","breadcrumb":{"@id":"https:\/\/spaincharmingholidays.com\/en\/reservation\/#breadcrumb"},"inLanguage":"ru-RU","potentialAction":[{"@type":"ReadAction","target":["https:\/\/spaincharmingholidays.com\/en\/reservation\/"]}]},{"@type":"ImageObject","inLanguage":"ru-RU","@id":"https:\/\/spaincharmingholidays.com\/en\/reservation\/#primaryimage","url":"https:\/\/spaincharmingholidays.com\/wp-content\/plugins\/qtranslate-x\/flags\/gb.png","contentUrl":"https:\/\/spaincharmingholidays.com\/wp-content\/plugins\/qtranslate-x\/flags\/gb.png"},{"@type":"BreadcrumbList","@id":"https:\/\/spaincharmingholidays.com\/en\/reservation\/#breadcrumb","itemListElement":[{"@type":"ListItem","position":1,"name":"Portada","item":"https:\/\/spaincharmingholidays.com\/"},{"@type":"ListItem","position":2,"name":"Bookings"}]},{"@type":"WebSite","@id":"https:\/\/spaincharmingholidays.com\/#website","url":"https:\/\/spaincharmingholidays.com\/","name":"Spain Charming Holidays","description":"","potentialAction":[{"@type":"SearchAction","target":{"@type":"EntryPoint","urlTemplate":"https:\/\/spaincharmingholidays.com\/?s={search_term_string}"},"query-input":{"@type":"PropertyValueSpecification","valueRequired":true,"valueName":"search_term_string"}}],"inLanguage":"ru-RU"}]}},"_links":{"self":[{"href":"https:\/\/spaincharmingholidays.com\/ru\/wp-json\/wp\/v2\/pages\/2545","targetHints":{"allow":["GET"]}}],"collection":[{"href":"https:\/\/spaincharmingholidays.com\/ru\/wp-json\/wp\/v2\/pages"}],"about":[{"href":"https:\/\/spaincharmingholidays.com\/ru\/wp-json\/wp\/v2\/types\/page"}],"author":[{"embeddable":true,"href":"https:\/\/spaincharmingholidays.com\/ru\/wp-json\/wp\/v2\/users\/1"}],"replies":[{"embeddable":true,"href":"https:\/\/spaincharmingholidays.com\/ru\/wp-json\/wp\/v2\/comments?post=2545"}],"version-history":[{"count":76,"href":"https:\/\/spaincharmingholidays.com\/ru\/wp-json\/wp\/v2\/pages\/2545\/revisions"}],"predecessor-version":[{"id":5146,"href":"https:\/\/spaincharmingholidays.com\/ru\/wp-json\/wp\/v2\/pages\/2545\/revisions\/5146"}],"wp:attachment":[{"href":"https:\/\/spaincharmingholidays.com\/ru\/wp-json\/wp\/v2\/media?parent=2545"}],"curies":[{"name":"wp","href":"https:\/\/api.w.org\/{rel}","templated":true}]}}